{"id":378,"date":"2021-07-08T20:37:42","date_gmt":"2021-07-08T23:37:42","guid":{"rendered":"https:\/\/tarbellconsult.com\/?page_id=378"},"modified":"2021-07-08T20:37:43","modified_gmt":"2021-07-08T23:37:43","slug":"estudos-socioeconomicos","status":"publish","type":"page","link":"https:\/\/tarbellconsult.com\/?page_id=378","title":{"rendered":"ESTUDOS SOCIOECON\u00d4MICOS"},"content":{"rendered":"\n<p class=\"has-text-align-center has-neve-link-hover-color-color has-text-color has-background has-medium-font-size\" style=\"background-color:#000000\"><strong>Compreender o ser humano e a sua rela\u00e7\u00e3o com o seu habitat \u00e9 buscar respostas para uma vida melhor<\/strong><\/p>\n\n\n\n<div class=\"wp-block-media-text alignwide is-stacked-on-mobile has-neve-link-hover-color-background-color has-background\"><figure class=\"wp-block-media-text__media\"><img loading=\"lazy\" width=\"700\" height=\"433\" src=\"https:\/\/tarbellconsult.com\/wp-content\/uploads\/2021\/07\/1177911_324101-1.jpg\" alt=\"\" class=\"wp-image-383 size-full\" srcset=\"https:\/\/tarbellconsult.com\/wp-content\/uploads\/2021\/07\/1177911_324101-1.jpg 700w, https:\/\/tarbellconsult.com\/wp-content\/uploads\/2021\/07\/1177911_324101-1-300x186.jpg 300w\" sizes=\"(max-width: 700px) 100vw, 700px\" \/><\/figure><div class=\"wp-block-media-text__content\">\n<p class=\"has-text-align-center\" style=\"font-size:25px\">Tudo o que envolve o ser humano, seja ele impactando, seja ele recebendo algum impacto, necessita de um conhecimento pr\u00e9vio, um estudo socioecon\u00f4mico.<\/p>\n\n\n\n<p class=\"has-text-align-right\">Estudos socioecon\u00f4micos s\u00e3o obrigat\u00f3rios na maioria dos estudos ambientais para fins de licenciamento ambiental. Compreender o ser humano e a sua rela\u00e7\u00e3o com o seu habitat \u00e9 buscar respostas para uma vida melhor, uma vida conjugada com os meios de sobreviv\u00eancia e com tudo aquilo que o apoia, como o ar, a \u00e1gua, as florestas e os animais.<\/p>\n<\/div><\/div>\n","protected":false},"excerpt":{"rendered":"<p>Tudo o que envolve o ser humano, seja ele impactando, seja ele recebendo algum impacto, necessita de um conhecimento pr\u00e9vio, um estudo socioecon\u00f4mico. Estudos socioecon\u00f4micos s\u00e3o obrigat\u00f3rios na maioria dos estudos ambientais para fins de licenciamento ambiental. Compreender o ser humano e a sua rela\u00e7\u00e3o com o seu habitat \u00e9 buscar respostas para uma vida&hellip;&nbsp;<a href=\"https:\/\/tarbellconsult.com\/?page_id=378\" class=\"\" rel=\"bookmark\">Read More &raquo;<span class=\"screen-reader-text\">ESTUDOS SOCIOECON\u00d4MICOS<\/span><\/a><\/p>\n","protected":false},"author":1,"featured_media":0,"parent":0,"menu_order":0,"comment_status":"closed","ping_status":"closed","template":"","meta":{"om_disable_all_campaigns":false,"_monsterinsights_skip_tracking":false,"_monsterinsights_sitenote_active":false,"_monsterinsights_sitenote_note":"","_monsterinsights_sitenote_category":0,"neve_meta_sidebar":"full-width","neve_meta_container":"","neve_meta_enable_content_width":"on","neve_meta_content_width":100,"neve_meta_title_alignment":"","neve_meta_author_avatar":"","neve_post_elements_order":"","neve_meta_disable_header":"","neve_meta_disable_footer":"","neve_meta_disable_title":"","_ti_tpc_template_sync":false,"_ti_tpc_template_id":""},"_links":{"self":[{"href":"https:\/\/tarbellconsult.com\/index.php?rest_route=\/wp\/v2\/pages\/378"}],"collection":[{"href":"https:\/\/tarbellconsult.com\/index.php?rest_route=\/wp\/v2\/pages"}],"about":[{"href":"https:\/\/tarbellconsult.com\/index.php?rest_route=\/wp\/v2\/types\/page"}],"author":[{"embeddable":true,"href":"https:\/\/tarbellconsult.com\/index.php?rest_route=\/wp\/v2\/users\/1"}],"replies":[{"embeddable":true,"href":"https:\/\/tarbellconsult.com\/index.php?rest_route=%2Fwp%2Fv2%2Fcomments&post=378"}],"version-history":[{"count":3,"href":"https:\/\/tarbellconsult.com\/index.php?rest_route=\/wp\/v2\/pages\/378\/revisions"}],"predecessor-version":[{"id":384,"href":"https:\/\/tarbellconsult.com\/index.php?rest_route=\/wp\/v2\/pages\/378\/revisions\/384"}],"wp:attachment":[{"href":"https:\/\/tarbellconsult.com\/index.php?rest_route=%2Fwp%2Fv2%2Fmedia&parent=378"}],"curies":[{"name":"wp","href":"https:\/\/api.w.org\/{rel}","templated":true}]}}